{"id":95,"date":"2024-04-13T20:25:47","date_gmt":"2024-04-13T18:25:47","guid":{"rendered":"https:\/\/ruffswingers.se\/?page_id=95"},"modified":"2024-04-13T21:04:44","modified_gmt":"2024-04-13T19:04:44","slug":"om-ruffswingers-gg","status":"publish","type":"page","link":"https:\/\/ruffswingers.com\/index.php\/om-ruffswingers-gg\/","title":{"rendered":"Om Ruff Swingers GG"},"content":{"rendered":"\n<figure class=\"wp-block-image size-full\"><img loading=\"lazy\" decoding=\"async\" width=\"710\" height=\"424\" src=\"http:\/\/ruffswingers.se\/wp-content\/uploads\/2024\/04\/rsgg-om.jpg\" alt=\"\" class=\"wp-image-101\" srcset=\"https:\/\/ruffswingers.com\/wp-content\/uploads\/2024\/04\/rsgg-om.jpg 710w, https:\/\/ruffswingers.com\/wp-content\/uploads\/2024\/04\/rsgg-om-300x179.jpg 300w\" sizes=\"auto, (max-width: 710px) 100vw, 710px\" \/><\/figure>\n\n\n\n<h2 class=\"wp-block-heading\">Bakgrund<\/h2>\n\n\n\n<p>Ruff swingers Golf Gemenskap, RSGG, bildades 22\/7 2006 p\u00e5 Nora Golfklubbs restaurang-terass av Fredrik Gryhed, Stefan Ekberg och Marcus Gryhed. Funderingarna kring en &#8221;golfgemenskap&#8221; uppkom \u00f6ver ett par pilsner, uppst\u00f6ttade av Nora Statts robusta bardisk. S\u00e5 Vi satte oss ned p\u00e5 Nora GK:s uteservering efter en runda f\u00f6r att fundera p\u00e5 hur Vi skulle kunna g\u00f6ra detta mer formellt och realisera V\u00e5r fantastiska id\u00e9. Namnet Ruff Swingers togs ur luften n\u00e5r Vi kom p\u00e5 att Vi m\u00e5ste heta n\u00e5got. En f\u00f6rening utan klatschigt namn fungerar inte. Det f\u00f6ll som blixt fr\u00e5n en klar himmel och l\u00e5g klockrent p\u00e5 tungan direkt, (Rough Swingers]!<\/p>\n\n\n\n<p><br>RSGG bildades med fyra medlemmar d\u00e4r Fredrik Granath ansl\u00f6t omg\u00e5ende Via telefon. planerna lades upp att spela ett antal delt\u00e4vlingar per \u00e5r, kora en segrare och tilldela segraren en fantastisk vandringspokal som man stolt skulle kunna visa upp hemma eller p\u00e5 jobbet.<br>Fram till idag har f\u00f6reningen har nu vuxit till ett kul och sammansvetsat g\u00e4ng. Det \u00e4r nya ansikten som har kommit in och gamla har f\u00f6rsvunnit. Det underbara \u00e4r st\u00e4mningen och den h\u00e5lls intakt trots att nya prospekts kommer in som knappt k\u00e4nner n\u00e5gon innan. RSGG \u00e4r allts\u00e5 en gemenskap med ett g\u00e5ng amat\u00f6rgolfare som g\u00f6r allt annat \u00e4n spelar professionell golf. Vi spelar f\u00f6r att det \u00e4r roligt och det som g\u00e4ller \u00e4r att g\u00e5 vinnande ur touren respektive \u00e5r.<\/p>\n\n\n\n<h2 class=\"wp-block-heading\">F\u00f6reningen<\/h2>\n\n\n\n<p>RSGG best\u00e5r av ett antal grabbar som umg\u00e5s f\u00f6r att spela golf d\u00e4r det ibland tummas p\u00e5 den klassiska golfetiketten. Det \u00e4r inte viktigast att spela bra utan att vinna med hum\u00f6ret p\u00e5 topp b\u00e5de p\u00e5, under, mellan och efter t\u00e4vlingar.<\/p>\n\n\n\n<h2 class=\"wp-block-heading\">Mission<\/h2>\n\n\n\n<p>Golf skall vara tillg\u00e4ngligt f\u00f6r alla oavsett ekonomisk bakgrund och finansiell status.<\/p>\n\n\n\n<h2 class=\"wp-block-heading\">Vision<\/h2>\n\n\n\n<p>V\u00e5r vision \u00e4r att alla fullv\u00e4rdiga medlemmar i Ruff Swingers skall ha m\u00f6jlighet att, utan n\u00e5gra som helst hinder vare sig fysiska, psykiska eller ekonomiska, varje \u00e5r f\u00e5 deltaga och spela golf p\u00e5 alla Ruff Swingers Tourens delt\u00e4vlingar.<\/p>\n","protected":false},"excerpt":{"rendered":"<p>Bakgrund Ruff swingers Golf Gemenskap, RSGG, bildades 22\/7 2006 p\u00e5 Nora Golfklubbs restaurang-terass av Fredrik Gryhed, Stefan Ekberg och Marcus Gryhed. Funderingarna kring en &#8221;golfgemenskap&#8221; uppkom \u00f6ver ett par pilsner, [&hellip;]<\/p>\n","protected":false},"author":1,"featured_media":0,"parent":0,"menu_order":0,"comment_status":"closed","ping_status":"closed","template":"","meta":{"_EventAllDay":false,"_EventTimezone":"","_EventStartDate":"","_EventEndDate":"","_EventStartDateUTC":"","_EventEndDateUTC":"","_EventShowMap":false,"_EventShowMapLink":false,"_EventURL":"","_EventCost":"","_EventCostDescription":"","_EventCurrencySymbol":"","_EventCurrencyCode":"","_EventCurrencyPosition":"","_EventDateTimeSeparator":"","_EventTimeRangeSeparator":"","_EventOrganizerID":[],"_EventVenueID":[],"_OrganizerEmail":"","_OrganizerPhone":"","_OrganizerWebsite":"","_VenueAddress":"","_VenueCity":"","_VenueCountry":"","_VenueProvince":"","_VenueState":"","_VenueZip":"","_VenuePhone":"","_VenueURL":"","_VenueStateProvince":"","_VenueLat":"","_VenueLng":"","_VenueShowMap":false,"_VenueShowMapLink":false,"footnotes":""},"class_list":["post-95","page","type-page","status-publish","hentry"],"_links":{"self":[{"href":"https:\/\/ruffswingers.com\/index.php\/wp-json\/wp\/v2\/pages\/95","targetHints":{"allow":["GET"]}}],"collection":[{"href":"https:\/\/ruffswingers.com\/index.php\/wp-json\/wp\/v2\/pages"}],"about":[{"href":"https:\/\/ruffswingers.com\/index.php\/wp-json\/wp\/v2\/types\/page"}],"author":[{"embeddable":true,"href":"https:\/\/ruffswingers.com\/index.php\/wp-json\/wp\/v2\/users\/1"}],"replies":[{"embeddable":true,"href":"https:\/\/ruffswingers.com\/index.php\/wp-json\/wp\/v2\/comments?post=95"}],"version-history":[{"count":6,"href":"https:\/\/ruffswingers.com\/index.php\/wp-json\/wp\/v2\/pages\/95\/revisions"}],"predecessor-version":[{"id":129,"href":"https:\/\/ruffswingers.com\/index.php\/wp-json\/wp\/v2\/pages\/95\/revisions\/129"}],"wp:attachment":[{"href":"https:\/\/ruffswingers.com\/index.php\/wp-json\/wp\/v2\/media?parent=95"}],"curies":[{"name":"wp","href":"https:\/\/api.w.org\/{rel}","templated":true}]}}