{"id":23,"date":"2024-04-13T16:41:19","date_gmt":"2024-04-13T14:41:19","guid":{"rendered":"https:\/\/ruffswingers.se\/?page_id=23"},"modified":"2024-07-04T15:28:36","modified_gmt":"2024-07-04T13:28:36","slug":"stadgar","status":"publish","type":"page","link":"https:\/\/ruffswingers.com\/index.php\/stadgar\/","title":{"rendered":"Stadgar"},"content":{"rendered":"\n<p><\/p>\n\n\n\n<p>\u00a71 &#8211; RSGG \u00e4r en herrgemenskap<\/p>\n\n\n\n<p>\u00a72 &#8211; Klubben best\u00e5r av max 16 spelare per s\u00e4song.<\/p>\n\n\n\n<p>\u00a73 &#8211; Gemenskapen drivs av den av medlemmarna utsedda styrelsen.<\/p>\n\n\n\n<p>\u00a74 &#8211; S\u00e4songen innefattar 5 delt\u00e4vlingar. S\u00e4songen str\u00e4cker sig fr\u00e5n 1 januari till 31 december.<\/p>\n\n\n\n<p>\u00a75 &#8211; S\u00e4songen segrare erh\u00e5ller pokal samt champagne som finansieras genom gemenskapens medlemsavgift och \u00f6verl\u00e4mnas vid avslutningsresan.<\/p>\n\n\n\n<p>\u00a76 &#8211; Medlemsavgiften \u00e4r l\u00f6pande 300 kronor per m\u00e5nad och betalas genom autogiro.<\/p>\n\n\n\n<p>\u00a77 &#8211; Avslutningsresan vid delt\u00e4vling 5 bekostas genom medlemsavgift samt eventuell resterande del av den enskilde medlemmen.<\/p>\n\n\n\n<p>\u00a78 &#8211; T\u00e4vlingsdatum s\u00e4tt av styrelsen och kommuniceras ut till medlemmarna via laget.se.<\/p>\n\n\n\n<p>\u00a79 &#8211; T\u00e4vlingarna skall spelas i m\u00e5naderna maj, juni, juli, augusti och september.<\/p>\n\n\n\n<p>\u00a710 &#8211; Spelformen vid t\u00e4vling \u00e4r po\u00e4ngbogey.<\/p>\n\n\n\n<p>\u00a711 &#8211; Totalresultatet r\u00e4knas p\u00e5 summan av inspelade po\u00e4ng under \u00e5ret, d\u00e4r s\u00e4songens s\u00e4msta runda r\u00e4knas bort.<\/p>\n\n\n\n<p>\u00a712 &#8211; Po\u00e4ngber\u00e4kning sker enligt inspelade po\u00e4ng under t\u00e4vlingarna och r\u00e4knas samman under \u00e5ret. Samtliga rundor st\u00e5r som grund till slutresultatet men den s\u00e4msta rundan f\u00f6r \u00e5ret r\u00e4knas i sammast\u00e4llningen bort fr\u00e5n totalresultatet. Vid uteblivet deltagande erh\u00e5lles samma po\u00e4ng som den sist placerade deltagaren -3 po\u00e4ng. (Ex. Sista &#8221;spelare&#8221; har 28 po\u00e4ng, ej deltagande spelare f\u00e5r s\u00e5ledes 25 po\u00e4ng) Vid sista delt\u00e4vlingen erh\u00e5lles extrapo\u00e4ng i form av 6, 4 samt 2 po\u00e4ng till 1:a, 2:a och 3:e plats vid DT5.<\/p>\n\n\n\n<p>\u00a713 &#8211; Till varje delt\u00e4vling skall alltid 4 bollar bokas.<\/p>\n\n\n\n<p>\u00a714 &#8211; HCP regler till\u00e4mpas f\u00f6r s\u00e4rskiljning av placering vid t\u00e4vling och totalresultatet f\u00f6r s\u00e4songen. (exakt hcp g\u00e4ller)<\/p>\n\n\n\n<p>\u00a715 &#8211; Felsignerat scorekort bestraffas enligt RSGG&#8217;s egna regler med -5 po\u00e4ng. G\u00e4ller dock endast vid signerade scorer b\u00e4ttre \u00e4n det faktiska resultatet.<\/p>\n\n\n\n<p>\u00a716 &#8211; Delt\u00e4vling 5 spelas i september och oftats p\u00e5 annan ort. Detta kan d\u00e5 innefatta \u00f6vernattning.<\/p>\n\n\n\n<p>\u00a717 &#8211; Hj\u00e4lpmedel i form av avst\u00e5ndsm\u00e4tare eller motsvarande till\u00e5ts p\u00e5 gemenskapens t\u00e4vlingar. Transporthj\u00e4lpmedel till\u00e5ts p\u00e5 gemenskapens t\u00e4vlingar.<\/p>\n","protected":false},"excerpt":{"rendered":"<p>\u00a71 &#8211; RSGG \u00e4r en herrgemenskap \u00a72 &#8211; Klubben best\u00e5r av max 16 spelare per s\u00e4song. \u00a73 &#8211; Gemenskapen drivs av den av medlemmarna utsedda styrelsen. \u00a74 &#8211; S\u00e4songen innefattar [&hellip;]<\/p>\n","protected":false},"author":1,"featured_media":0,"parent":0,"menu_order":0,"comment_status":"closed","ping_status":"closed","template":"","meta":{"_EventAllDay":false,"_EventTimezone":"","_EventStartDate":"","_EventEndDate":"","_EventStartDateUTC":"","_EventEndDateUTC":"","_EventShowMap":false,"_EventShowMapLink":false,"_EventURL":"","_EventCost":"","_EventCostDescription":"","_EventCurrencySymbol":"","_EventCurrencyCode":"","_EventCurrencyPosition":"","_EventDateTimeSeparator":"","_EventTimeRangeSeparator":"","_EventOrganizerID":[],"_EventVenueID":[],"_OrganizerEmail":"","_OrganizerPhone":"","_OrganizerWebsite":"","_VenueAddress":"","_VenueCity":"","_VenueCountry":"","_VenueProvince":"","_VenueState":"","_VenueZip":"","_VenuePhone":"","_VenueURL":"","_VenueStateProvince":"","_VenueLat":"","_VenueLng":"","_VenueShowMap":false,"_VenueShowMapLink":false,"footnotes":""},"class_list":["post-23","page","type-page","status-publish","hentry"],"_links":{"self":[{"href":"https:\/\/ruffswingers.com\/index.php\/wp-json\/wp\/v2\/pages\/23","targetHints":{"allow":["GET"]}}],"collection":[{"href":"https:\/\/ruffswingers.com\/index.php\/wp-json\/wp\/v2\/pages"}],"about":[{"href":"https:\/\/ruffswingers.com\/index.php\/wp-json\/wp\/v2\/types\/page"}],"author":[{"embeddable":true,"href":"https:\/\/ruffswingers.com\/index.php\/wp-json\/wp\/v2\/users\/1"}],"replies":[{"embeddable":true,"href":"https:\/\/ruffswingers.com\/index.php\/wp-json\/wp\/v2\/comments?post=23"}],"version-history":[{"count":4,"href":"https:\/\/ruffswingers.com\/index.php\/wp-json\/wp\/v2\/pages\/23\/revisions"}],"predecessor-version":[{"id":1543,"href":"https:\/\/ruffswingers.com\/index.php\/wp-json\/wp\/v2\/pages\/23\/revisions\/1543"}],"wp:attachment":[{"href":"https:\/\/ruffswingers.com\/index.php\/wp-json\/wp\/v2\/media?parent=23"}],"curies":[{"name":"wp","href":"https:\/\/api.w.org\/{rel}","templated":true}]}}